{"id":2677,"date":"2022-06-02T07:38:38","date_gmt":"2022-06-02T05:38:38","guid":{"rendered":"https:\/\/www.campingronacher.at\/informativa-sulla-privacy\/"},"modified":"2023-09-27T09:25:37","modified_gmt":"2023-09-27T07:25:37","slug":"informativa-sulla-privacy","status":"publish","type":"page","link":"https:\/\/www.campingronacher.at\/it\/informativa-sulla-privacy\/","title":{"rendered":"Informativa sulla privacy"},"content":{"rendered":"\t\t<div data-elementor-type=\"wp-page\" data-elementor-id=\"2677\" class=\"elementor elementor-2677 elementor-834\" data-elementor-post-type=\"page\">\n\t\t\t\t\t\t<section class=\"elementor-section elementor-top-section elementor-element elementor-element-34de081b elementor-section-boxed elementor-section-height-default elementor-section-height-default\" data-id=\"34de081b\" data-element_type=\"section\" data-e-type=\"section\">\n\t\t\t\t\t\t<div class=\"elementor-container elementor-column-gap-default\">\n\t\t\t\t\t<div class=\"elementor-column elementor-col-100 elementor-top-column elementor-element elementor-element-52b9cad6\" data-id=\"52b9cad6\" data-element_type=\"column\" data-e-type=\"column\">\n\t\t\t<div class=\"elementor-widget-wrap elementor-element-populated\">\n\t\t\t\t\t\t<div class=\"elementor-element elementor-element-aeaf9c0 elementor-widget elementor-widget-heading\" data-id=\"aeaf9c0\" data-element_type=\"widget\" data-e-type=\"widget\" data-widget_type=\"heading.default\">\n\t\t\t\t<div class=\"elementor-widget-container\">\n\t\t\t\t\t<h2 class=\"elementor-heading-title elementor-size-default\">Informativa sulla privacy<\/h2>\t\t\t\t<\/div>\n\t\t\t\t<\/div>\n\t\t\t\t<div class=\"elementor-element elementor-element-762cdbad elementor-widget elementor-widget-text-editor\" data-id=\"762cdbad\" data-element_type=\"widget\" data-e-type=\"widget\" data-widget_type=\"text-editor.default\">\n\t\t\t\t<div class=\"elementor-widget-container\">\n\t\t\t\t\t\t\t\t\t\n<p><strong>Nozioni di base<\/strong><\/p>\n\n\n\n<p>La presente informativa sulla privacy si applica a tutte le persone che utilizzano i servizi di Terrassencamping Ronacher. Con la presente vi informiamo sul tipo, l&#8217;ambito e lo scopo della raccolta e dell&#8217;utilizzo dei vostri dati personali da parte della nostra azienda. Rispettiamo la vostra privacy e ci impegniamo a rispettare rigorosamente i requisiti legali per il trattamento dei vostri dati personali (Regolamento UE n. 679\/2016 (DSGVO), DSG 2000, DSG 2018 e TKG 2003). Tutti i vostri dati personali saranno trattati su questa base.<\/p>\n\n\n\n<p>Il responsabile del trattamento dei dati \u00e8 Michael Ronacher.<\/p>\n\n\n\n<p>Il nostro coordinatore della protezione dei dati \u00e8 Bettina Oberrauter.<\/p>\n\n\n\n<p><strong>Informazioni ai sensi dell&#8217;art. 13 DSGVO<\/strong><\/p>\n\n\n\n<p>I vostri dati personali, in particolare<\/p>\n\n\n\n<ul><li>I vostri dati anagrafici (cognome, nome, indirizzo, indirizzo e-mail, numero di telefono e di fax, data di nascita, codice cliente), nonch\u00e9 la lingua e il numero di immatricolazione del veicolo,<\/li><li>i dati dei documenti di viaggio (numero di passaporto, dati del passaporto, data di nascita, autorit\u00e0 di rilascio, termine, nazionalit\u00e0) e delle carte d&#8217;identit\u00e0 (carta d&#8217;identit\u00e0, patente di guida, ecc. compresi autorit\u00e0 di rilascio e termine),<\/li><li>i dati sul tipo di pagamento e in relazione ai pagamenti, in particolare con carte EC, carte di credito e carte bancarie,<\/li><li>la durata del soggiorno da voi richiesta, nonch\u00e9 le destinazioni, i contatti, le condizioni, i servizi speciali, i dati sanitari, le preferenze personali relative al soggiorno che ci avete comunicato, e<\/li><li>categorie particolari di dati, come i dati sanitari e quelli relativi a esigenze particolari e al matrimonio\/partenariato,<\/li><\/ul>\n\n\n\n<p>sono necessari per i nostri servizi. Questo include anche le prenotazioni di escursioni, guide, gastronomia, noleggio di veicoli, trasferimenti, elaborazione di registrazioni, assicurazioni, eventi, tour, accreditamenti, voucher, compresa la creazione del cliente, la fatturazione e la loro verifica (B2B, B2C, FIT), prenotazioni di biglietti.<\/p>\n\n\n\n<p>Questi dati vengono pertanto memorizzati ed elaborati da noi per questi scopi e, se necessario, trasferiti a terzi con i quali collaboriamo al fine di fornire il servizio pi\u00f9 efficace e migliore possibile per i nostri clienti &#8211; questo pu\u00f2 anche includere fornitori di servizi in paesi terzi come processori di ordini, software e fornitori di servizi di agenzia.<\/p>\n\n\n\n<p>Non utilizziamo profilazione o decisioni automatizzate.<\/p>\n\n\n\n<p>Le basi giuridiche per queste operazioni di trattamento dei dati sono le seguenti<\/p>\n\n\n\n<ul><li>l&#8217;adempimento dei nostri obblighi precontrattuali e contrattuali nei vostri confronti,<\/li><li>consensi ottenuti dall&#8217;utente,<\/li><li>obblighi legali, contrattuali o di altro tipo da parte nostra (ad es. diritti e obblighi di documentazione nell&#8217;ambito del diritto contabile, fiscale e doganale, contratti, relazioni, controversie legali) nonch\u00e9 \u00a7 96 TKG e<\/li><li>i nostri interessi legittimi (ad esempio, migliorare il nostro servizio clienti, anche nel settore del marketing diretto, o proteggere i nostri interessi legali).<\/li><\/ul>\n\n\n\n<p>La durata dell&#8217;archiviazione \u00e8 determinata dalla durata del nostro rapporto commerciale, dal consenso fornito dall&#8217;utente e inoltre dagli obblighi di conservazione previsti dalla legge e dagli obblighi legali a noi applicabili. Sottolineiamo che, nel caso di una collaborazione regolare per il nostro miglior servizio al cliente, ci sforziamo di conoscere cos\u00ec bene le esigenze dei clienti che ci sono state comunicate da poterle soddisfare in modo continuativo e permanente.<\/p>\n\n\n\n<p><strong>I nostri siti web<\/strong><\/p>\n\n\n\n<p>Quando si accede al nostro sito web, i dati di accesso vengono raccolti e memorizzati automaticamente. Questi dati di accesso possono includere, in particolare, la pagina visitata, i file visualizzati, la data e l&#8217;ora dell&#8217;accesso, l&#8217;indirizzo IP dell&#8217;utente, i dati del computer di accesso, in particolare il browser e il sistema operativo, nonch\u00e9 la quantit\u00e0 di dati e il messaggio di accesso riuscito. Questi dati di accesso vengono utilizzati da noi a fini statistici interni per garantire la sicurezza della nostra offerta e per ottimizzare l&#8217;offerta. Se si sospetta un atto illegale, i dati di accesso vengono analizzati per preservare le prove.<\/p>\n\n\n\n<p>Inserendo i vostri dati personali in uno dei nostri moduli di contatto, acconsentite alla trasmissione, alla memorizzazione e all&#8217;elaborazione da parte nostra per la durata dell&#8217;assistenza a questa specifica richiesta. Ci\u00f2 vale in particolare per le vostre richieste di informazioni tramite il modulo di contatto e per le e-mail che ci inviate. Abbiamo bisogno di questi dati per elaborare la vostra richiesta e in questi casi memorizziamo anche il vostro indirizzo IP allo scopo di conservare le prove. I dati saranno conservati per il tempo necessario a rispondere a eventuali domande aggiuntive o successive da parte vostra o nostra.<\/p>\n\n\n\n<p>I dati del vostro conto saranno trasmessi solo attraverso una connessione internet criptata (https). Non ci assumiamo alcuna responsabilit\u00e0 per la perdita di dati o l&#8217;accesso ai vostri dati da parte di terzi se abbiamo rispettato le misure di sicurezza richieste dallo stato dell&#8217;arte.<\/p>\n\n\n\n<p>Le basi giuridiche per questo trattamento dei dati sono il vostro consenso, i nostri obblighi precontrattuali e contrattuali nei vostri confronti, i nostri interessi legittimi e gli obblighi legali di ogni tipo e il \u00a7 96 TKG.<\/p>\n\n\n\n<p>Il contenuto del nostro sito \u00e8 stato accuratamente compilato e controllato pi\u00f9 volte, ma non ci assumiamo alcuna responsabilit\u00e0 per l&#8217;attualit\u00e0, la correttezza e la completezza delle informazioni fornite. Sono escluse le richieste di risarcimento danni dovute all&#8217;uso o al mancato uso delle informazioni o all&#8217;uso di informazioni errate o incomplete. Tutte le offerte sono soggette a modifiche e non sono vincolanti. Ci riserviamo il diritto di modificare, integrare o eliminare l&#8217;offerta o parti di essa senza preavviso o di interrompere temporaneamente o definitivamente la pubblicazione del sito web.<\/p>\n\n\n\n<p>Il contenuto e la programmazione del nostro sito web sono protetti da copyright e diritti d&#8217;autore accessori. Qualsiasi riproduzione &#8211; compresi gli estratti &#8211; e riproduzione pubblica, in particolare la copia di testi, grafici e foto, \u00e8 vietata senza il nostro previo consenso scritto.<\/p>\n\n\n\n<p><strong>Trasferimento a terzi \/ obblighi degli incaricati del trattamento<\/strong><\/p>\n\n\n\n<p>I vostri dati personali possono essere trattati da noi<\/p>\n\n\n\n<ul><li>all&#8217;interno dell&#8217;azienda, tenendo conto degli usi consentiti,<\/li><li>agli incaricati del trattamento (ad esempio per le notifiche agli ospiti) e a terzi che devono essere coinvolti nella fornitura dei servizi da voi richiesti, i quali si sono impegnati a rispettare le norme di protezione dei dati applicabili,<\/li><\/ul>\n\n\n\n<p>trasmesso. Se il rispetto delle norme europee in materia di protezione dei dati non \u00e8 possibile &#8211; ad esempio perch\u00e9 le clausole contrattuali standard, le decisioni di adeguatezza o le certificazioni non sono garantite in un caso specifico &#8211; vi informeremo tempestivamente e otterremo anche i consensi necessari da parte vostra. Per ulteriori informazioni, contattateci all&#8217;indirizzo info@campingronacher.at.<\/p>\n\n\n\n<p><strong>Cookie e servizi di tracciamento<\/strong><\/p>\n\n\n\n<p>Utilizziamo i cookie, che sono piccoli elementi di testo utilizzati per memorizzare informazioni nei browser web. I cookie vengono riconosciuti alla successiva visita del nostro sito web e contribuiscono in modo significativo a velocizzare i processi di caricamento e a rendere confortevole l&#8217;utilizzo delle nostre offerte. Le informazioni riconosciute e memorizzate dai cookie vengono utilizzate per riconoscere l&#8217;utente, ma anche per analizzarne il comportamento. Essi vengono memorizzati sul server del rispettivo fornitore che, in qualit\u00e0 di incaricato del trattamento degli ordini, si \u00e8 impegnato nei nostri confronti a rispettare le norme vigenti in materia di protezione dei dati.<\/p>\n\n\n\n<p>Dopo aver visitato il nostro sito web, i cookie rimangono memorizzati sul vostro terminale, a meno che non lo rifiutiate fin dall&#8217;inizio o cancelliate attivamente i cookie. La disabilitazione attiva dei cookie pu\u00f2 influire sulla funzionalit\u00e0 dei nostri siti web per l&#8217;utente. L&#8217;utente&nbsp; pu\u00f2 anche impedire la memorizzazione dei cookie impostando di conseguenza il software del proprio browser. Tuttavia, desideriamo sottolineare che in questo caso potreste non essere in grado di utilizzare tutte le funzioni del nostro sito web.<\/p>\n\n\n\n<p>Inoltre, potete impedire l&#8217;inoltro dei dati generati dal cookie e relativi al vostro utilizzo del sito web (compreso il vostro indirizzo IP) a Google e l&#8217;elaborazione di questi dati da parte di Google scaricando e installando il plugin del browser disponibile sul sito web google.com. Tuttavia, il plug-in \u00e8 disponibile solo per alcuni programmi del browser.<\/p>\n\n\n\n<p>Sul nostro sito web utilizziamo anche contenuti di terzi per rendere la nostra presenza su Internet il pi\u00f9 possibile informativa e conveniente per gli utenti. Questi includono, ad esempio, Google Maps, i feed RSS o YouTube. Questi fornitori terzi ricevono il vostro indirizzo IP per motivi tecnici. Non abbiamo alcuna influenza sull&#8217;utilizzo di questi dati da parte del fornitore terzo. A questo proposito, rimandiamo alle dichiarazioni sulla protezione dei dati dei rispettivi fornitori.<\/p>\n\n\n\n<p>Utilizziamo Google Analytics, un servizio di analisi web fornito da Google, Inc. 1600, Amphitheatre Parkway, Mountain View, CA 94043, USA (&#8220;Google&#8221;). Google Analytics utilizza i cookie. Le informazioni generate dal cookie sul comportamento dell&#8217;utente vengono solitamente trasmesse a un server di Google negli Stati Uniti e l\u00ec memorizzate. Il vostro indirizzo IP viene preventivamente abbreviato all&#8217;interno dell&#8217;Unione Europea e quindi reso anonimo o almeno pseudonimizzato. Solo in casi eccezionali l&#8217;indirizzo IP completo viene trasmesso a un server di Google negli Stati Uniti e l\u00ec abbreviato.<\/p>\n\n\n\n<p>Google utilizza queste informazioni per valutare l&#8217;utilizzo del sito web da parte dell&#8217;utente, per redigere rapporti sulle attivit\u00e0 del sito web e per fornire all&#8217;operatore del sito web altri servizi relativi all&#8217;utilizzo del sito web e di Internet. L&#8217;indirizzo IP trasmesso dal vostro browser nell&#8217;ambito di Google Analytics non viene unito ad altri dati di Google. In questo contesto, si prega di osservare anche l&#8217;informativa sulla privacy di Google, in particolare le informazioni disponibili ai due link seguenti:<\/p>\n\n\n\n<ul><li>h<a href=\"http:\/\/www.google.com\/analytics\/terms\/de.html\">ttp:\/\/w<\/a>ww.google.com\/analytics\/terms\/de.htmlund<\/li><li><a href=\"https:\/\/www.google.de\/intl\/de\/policies\/\">https:\/\/www.google.de\/intl\/de\/policies\/<\/a><\/li><\/ul>\n\n\n\n<p>Utilizziamo i social plug-in di Facebook del social network Facebook, gestito dalle societ\u00e0 Facebook Ireland Limited, 4 Grand Canal Square Dublin 2, Irlanda, e Facebook Inc, 1601 S. California Avenue, Palo Alto, CA 94303, USA. Questi plug-in sono pulsanti che Facebook utilizza per misurare chi visita il nostro sito web. Se il visitatore \u00e8 anche registrato come utente di Facebook e ha effettuato il login, Facebook memorizza anche altre informazioni. Facebook riceve il vostro indirizzo IP per motivi tecnici. Non abbiamo alcuna influenza sull&#8217;utilizzo di questi dati da parte di Facebook. A questo proposito, rimandiamo alle dichiarazioni sulla protezione dei dati di Facebook, in particolare alle informazioni disponibili al seguente link:<\/p>\n\n\n\n<ul><li><a href=\"https:\/\/www.facebook.com\/help\/568137493302217\">https:\/\/www.facebook.com\/help\/568137493302217.<\/a><\/li><\/ul>\n\n\n\n<p>Qui riceverete anche informazioni su come bloccare i social plug-in di Facebook con il vostro browser.<\/p>\n\n\n\n<p><strong>Contatto<\/strong><\/p>\n\n\n\n<p>Potete richiedere gratuitamente in qualsiasi momento informazioni sui vostri dati personali da noi conservati. In qualit\u00e0 di soggetto interessato, avete anche il diritto di revoca, informazione, cancellazione, correzione, limitazione e trasferimento dei vostri dati personali, nella misura in cui ci\u00f2 non sia contrastato da un obbligo legale da parte nostra di conservare i dati.<\/p>\n\n\n\n<p>Conseguenze della revoca: cancellazione dei dati o crittografia.<\/p>\n\n\n\n<p>Per ulteriori informazioni sui vostri diritti in qualit\u00e0 di soggetti interessati, vi preghiamo di contattarci a&nbsp;<a href=\"mailto:info@campingronacher.at\">info@campingronacher.at,<\/a> Terrassencamping Ronacher, M\u00f6sel 6a, 9714 Stockenboi. Saremo lieti di aiutarvi. L&#8217;Autorit\u00e0 austriaca per la protezione dei dati (DPA), Wickenburggasse 8-10, 1080 Vienna, \u00e8 l&#8217;autorit\u00e0 di controllo competente per i reclami.<\/p>\n\n\n\n<p><strong>Altro<\/strong><\/p>\n\n\n\n<p>Abbiamo implementato misure di salvaguardia organizzative e tecniche, che valutiamo e adattiamo continuamente se necessario, per proteggere i vostri dati personali che memorizziamo ed elaboriamo.<\/p>\n\n\n\n<p>Ci riserviamo il diritto di modificare la presente informativa sulla privacy in qualsiasi momento e di adeguarla ai nuovi sviluppi. La nuova versione \u00e8 valida dal momento in cui viene resa disponibile sul nostro sito web. La versione attuale dell&#8217;informativa sulla privacy \u00e8 disponibile in qualsiasi momento sul sito web all&#8217;indirizzo&nbsp;<a href=\"https:\/\/www.campingronacher.at\/datenschutzerklaerung\">https:\/\/www.campingronacher.at\/datenschutzerklaerungabrufbar, la<\/a>nostra impronta su https:\/\/www.campingronacher.at\/impressum.<\/p>\n\t\t\t\t\t\t\t\t<\/div>\n\t\t\t\t<\/div>\n\t\t\t\t\t<\/div>\n\t\t<\/div>\n\t\t\t\t\t<\/div>\n\t\t<\/section>\n\t\t\t\t<\/div>\n\t\t","protected":false},"excerpt":{"rendered":"<p>Informativa sulla privacy Nozioni di base La presente informativa sulla privacy si applica a tutte le persone che utilizzano i servizi di Terrassencamping Ronacher. Con la presente vi informiamo sul tipo, l&#8217;ambito e lo scopo della raccolta e dell&#8217;utilizzo dei vostri dati personali da parte della nostra azienda. Rispettiamo la vostra privacy e ci impegniamo [&hellip;]<\/p>\n","protected":false},"author":1,"featured_media":0,"parent":0,"menu_order":0,"comment_status":"closed","ping_status":"closed","template":"","meta":{"footnotes":""},"class_list":["post-2677","page","type-page","status-publish","hentry"],"_links":{"self":[{"href":"https:\/\/www.campingronacher.at\/it\/wp-json\/wp\/v2\/pages\/2677","targetHints":{"allow":["GET"]}}],"collection":[{"href":"https:\/\/www.campingronacher.at\/it\/wp-json\/wp\/v2\/pages"}],"about":[{"href":"https:\/\/www.campingronacher.at\/it\/wp-json\/wp\/v2\/types\/page"}],"author":[{"embeddable":true,"href":"https:\/\/www.campingronacher.at\/it\/wp-json\/wp\/v2\/users\/1"}],"replies":[{"embeddable":true,"href":"https:\/\/www.campingronacher.at\/it\/wp-json\/wp\/v2\/comments?post=2677"}],"version-history":[{"count":3,"href":"https:\/\/www.campingronacher.at\/it\/wp-json\/wp\/v2\/pages\/2677\/revisions"}],"predecessor-version":[{"id":2704,"href":"https:\/\/www.campingronacher.at\/it\/wp-json\/wp\/v2\/pages\/2677\/revisions\/2704"}],"wp:attachment":[{"href":"https:\/\/www.campingronacher.at\/it\/wp-json\/wp\/v2\/media?parent=2677"}],"curies":[{"name":"wp","href":"https:\/\/api.w.org\/{rel}","templated":true}]}}